{"id":7,"date":"2021-05-16T20:40:14","date_gmt":"2021-05-16T18:40:14","guid":{"rendered":"http:\/\/www.m-ls.be\/?page_id=7"},"modified":"2021-05-16T20:40:14","modified_gmt":"2021-05-16T18:40:14","slug":"a-propos-de","status":"publish","type":"page","link":"http:\/\/www.m-ls.be\/index.php\/a-propos-de\/","title":{"rendered":"\u00c0 propos de"},"content":{"rendered":"\n<p>Vous pourriez \u00eatre un artiste et vouloir pr\u00e9senter vos travaux et vous m\u00eame ou encore \u00eatre une entreprise avec une mission \u00e0 promouvoir.<\/p>\n","protected":false},"excerpt":{"rendered":"<p>Vous pourriez \u00eatre un artiste et vouloir pr\u00e9senter vos travaux et vous m\u00eame ou encore \u00eatre une entreprise avec une mission \u00e0 promouvoir.<\/p>\n","protected":false},"author":1,"featured_media":0,"parent":0,"menu_order":0,"comment_status":"closed","ping_status":"closed","template":"","meta":{"neve_meta_sidebar":"","neve_meta_container":"","neve_meta_enable_content_width":"","neve_meta_content_width":0,"neve_meta_title_alignment":"","neve_meta_author_avatar":"","neve_post_elements_order":"","neve_meta_disable_header":"","neve_meta_disable_footer":"","neve_meta_disable_title":"","_ti_tpc_template_sync":false,"_ti_tpc_template_id":""},"jetpack-related-posts":[{"id":2,"url":"http:\/\/www.m-ls.be\/","url_meta":{"origin":7,"position":0},"title":"Page d\u2019exemple","author":"admin3714","date":"16 mai 2021","format":false,"excerpt":"Ceci est une page d\u2019exemple. C\u2019est diff\u00e9rent d\u2019un article de blog parce qu\u2019elle restera au m\u00eame endroit et appara\u00eetra dans la navigation de votre site (dans la plupart des th\u00e8mes). La plupart des gens commencent par une page \u00ab\u00a0\u00c0 propos\u00a0\u00bb qui les pr\u00e9sente aux visiteurs du site. Cela pourrait ressembler\u2026","rel":"","context":"Article similaire","block_context":{"text":"Article similaire","link":""},"img":{"alt_text":"","src":"","width":0,"height":0},"classes":[]},{"id":6,"url":"http:\/\/www.m-ls.be\/index.php\/le-nouveau-e-mucem-ouvre-ses-portes-2\/","url_meta":{"origin":7,"position":1},"title":"Le nouveau E-Mucem ouvre ses portes","author":"admin3714","date":"16 mai 2021","format":false,"excerpt":"La premi\u00e8re destination pour l\u2019art moderne dans le nord de la Su\u00e8de. Ouvert de 10h \u00e0 18h tous les jours pendant les mois d\u2019\u00e9t\u00e9.Travaux et jours1er ao\u00fbt au 1er d\u00e9cembreLire la suiteTh\u00e9\u00e2tre des op\u00e9rations1er octobre au 1er d\u00e9cembreLire la suiteLa vie que je m\u00e9rite1er ao\u00fbt au 1er d\u00e9cembreLire la suiteDe\u2026","rel":"","context":"Article similaire","block_context":{"text":"Article similaire","link":""},"img":{"alt_text":"","src":"https:\/\/i0.wp.com\/www.m-ls.be\/wp-content\/uploads\/2021\/05\/2020-landscape-1.png?fit=1200%2C769&resize=350%2C200","width":350,"height":200,"srcset":"https:\/\/i0.wp.com\/www.m-ls.be\/wp-content\/uploads\/2021\/05\/2020-landscape-1.png?fit=1200%2C769&resize=350%2C200 1x, https:\/\/i0.wp.com\/www.m-ls.be\/wp-content\/uploads\/2021\/05\/2020-landscape-1.png?fit=1200%2C769&resize=700%2C400 2x, https:\/\/i0.wp.com\/www.m-ls.be\/wp-content\/uploads\/2021\/05\/2020-landscape-1.png?fit=1200%2C769&resize=1050%2C600 3x"},"classes":[]}],"_links":{"self":[{"href":"http:\/\/www.m-ls.be\/index.php\/wp-json\/wp\/v2\/pages\/7"}],"collection":[{"href":"http:\/\/www.m-ls.be\/index.php\/wp-json\/wp\/v2\/pages"}],"about":[{"href":"http:\/\/www.m-ls.be\/index.php\/wp-json\/wp\/v2\/types\/page"}],"author":[{"embeddable":true,"href":"http:\/\/www.m-ls.be\/index.php\/wp-json\/wp\/v2\/users\/1"}],"replies":[{"embeddable":true,"href":"http:\/\/www.m-ls.be\/index.php\/wp-json\/wp\/v2\/comments?post=7"}],"version-history":[{"count":1,"href":"http:\/\/www.m-ls.be\/index.php\/wp-json\/wp\/v2\/pages\/7\/revisions"}],"predecessor-version":[{"id":12,"href":"http:\/\/www.m-ls.be\/index.php\/wp-json\/wp\/v2\/pages\/7\/revisions\/12"}],"wp:attachment":[{"href":"http:\/\/www.m-ls.be\/index.php\/wp-json\/wp\/v2\/media?parent=7"}],"curies":[{"name":"wp","href":"https:\/\/api.w.org\/{rel}","templated":true}]}}