{"id":8,"date":"2021-05-16T20:40:14","date_gmt":"2021-05-16T18:40:14","guid":{"rendered":"http:\/\/www.m-ls.be\/?page_id=8"},"modified":"2021-05-16T20:44:47","modified_gmt":"2021-05-16T18:44:47","slug":"contact","status":"publish","type":"page","link":"http:\/\/www.m-ls.be\/index.php\/contact\/","title":{"rendered":"Contact"},"content":{"rendered":"\n<p>503 Rue de Nalinnes<\/p>\n\n\n\n<p>6001 CHARLEROI<\/p>\n\n\n\n<p><\/p>\n\n\n\n<p>C\u2019est une page avec des informations de contact de base, comme l\u2019adresse et le num\u00e9ro de t\u00e9l\u00e9phone. Vous pouvez aussi essayer une extension pour ajouter un formulaire de contact.<\/p>\n","protected":false},"excerpt":{"rendered":"<p>503 Rue de Nalinnes 6001 CHARLEROI C\u2019est une page avec des informations de contact de base, comme l\u2019adresse et le num\u00e9ro de t\u00e9l\u00e9phone. Vous pouvez aussi essayer une extension pour ajouter un formulaire de contact.<\/p>\n","protected":false},"author":1,"featured_media":0,"parent":0,"menu_order":0,"comment_status":"closed","ping_status":"closed","template":"","meta":{"neve_meta_sidebar":"","neve_meta_container":"","neve_meta_enable_content_width":"","neve_meta_content_width":0,"neve_meta_title_alignment":"","neve_meta_author_avatar":"","neve_post_elements_order":"","neve_meta_disable_header":"","neve_meta_disable_footer":"","neve_meta_disable_title":"","_ti_tpc_template_sync":false,"_ti_tpc_template_id":""},"jetpack-related-posts":[],"_links":{"self":[{"href":"http:\/\/www.m-ls.be\/index.php\/wp-json\/wp\/v2\/pages\/8"}],"collection":[{"href":"http:\/\/www.m-ls.be\/index.php\/wp-json\/wp\/v2\/pages"}],"about":[{"href":"http:\/\/www.m-ls.be\/index.php\/wp-json\/wp\/v2\/types\/page"}],"author":[{"embeddable":true,"href":"http:\/\/www.m-ls.be\/index.php\/wp-json\/wp\/v2\/users\/1"}],"replies":[{"embeddable":true,"href":"http:\/\/www.m-ls.be\/index.php\/wp-json\/wp\/v2\/comments?post=8"}],"version-history":[{"count":3,"href":"http:\/\/www.m-ls.be\/index.php\/wp-json\/wp\/v2\/pages\/8\/revisions"}],"predecessor-version":[{"id":30,"href":"http:\/\/www.m-ls.be\/index.php\/wp-json\/wp\/v2\/pages\/8\/revisions\/30"}],"wp:attachment":[{"href":"http:\/\/www.m-ls.be\/index.php\/wp-json\/wp\/v2\/media?parent=8"}],"curies":[{"name":"wp","href":"https:\/\/api.w.org\/{rel}","templated":true}]}}